{"id":872,"date":"2013-09-09T11:37:25","date_gmt":"2013-09-09T09:37:25","guid":{"rendered":"http:\/\/www.wortflechte.com\/web\/?page_id=872"},"modified":"2023-04-02T15:09:58","modified_gmt":"2023-04-02T13:09:58","slug":"publikationen","status":"publish","type":"page","link":"http:\/\/www.wortflechte.com\/web\/publikationen\/","title":{"rendered":"Publikationen"},"content":{"rendered":"\n\t\t<style type=\"text\/css\">\n\t\t\t#gallery-1 {\n\t\t\t\tmargin: auto;\n\t\t\t}\n\t\t\t#gallery-1 .gallery-item {\n\t\t\t\tfloat: left;\n\t\t\t\tmargin-top: 10px;\n\t\t\t\ttext-align: center;\n\t\t\t\twidth: 33%;\n\t\t\t}\n\t\t\t#gallery-1 img {\n\t\t\t\tborder: 2px solid #cfcfcf;\n\t\t\t}\n\t\t\t#gallery-1 .gallery-caption {\n\t\t\t\tmargin-left: 0;\n\t\t\t}\n\t\t\t\/* see gallery_shortcode() in wp-includes\/media.php *\/\n\t\t<\/style>\n\t\t<div id='gallery-1' class='gallery galleryid-872 gallery-columns-3 gallery-size-full'><dl class='gallery-item'>\n\t\t\t<dt class='gallery-icon portrait'>\n\t\t\t\t<a href='http:\/\/www.wortflechte.com\/web\/publikationen\/loecker1\/'><img loading=\"lazy\" decoding=\"async\" width=\"207\" height=\"315\" src=\"http:\/\/www.wortflechte.com\/web\/wp-content\/uploads\/2018\/09\/loecker1.jpg\" class=\"attachment-full size-full\" alt=\"\" aria-describedby=\"gallery-1-2154\" srcset=\"http:\/\/www.wortflechte.com\/web\/wp-content\/uploads\/2018\/09\/loecker1.jpg 207w, http:\/\/www.wortflechte.com\/web\/wp-content\/uploads\/2018\/09\/loecker1-197x300.jpg 197w\" sizes=\"auto, (max-width: 207px) 100vw, 207px\" \/><\/a>\n\t\t\t<\/dt>\n\t\t\t\t<dd class='wp-caption-text gallery-caption' id='gallery-1-2154'>\n\t\t\t\tHelga Pregesbauer, Irreale Sexualt\u00e4ten\n\t\t\t\t<\/dd><\/dl><dl class='gallery-item'>\n\t\t\t<dt class='gallery-icon portrait'>\n\t\t\t\t<a href='http:\/\/www.wortflechte.com\/web\/aepcover2017\/'><img loading=\"lazy\" decoding=\"async\" width=\"223\" height=\"315\" src=\"http:\/\/www.wortflechte.com\/web\/wp-content\/uploads\/2018\/09\/AEPcover2017.jpg\" class=\"attachment-full size-full\" alt=\"\" aria-describedby=\"gallery-1-2165\" srcset=\"http:\/\/www.wortflechte.com\/web\/wp-content\/uploads\/2018\/09\/AEPcover2017.jpg 223w, http:\/\/www.wortflechte.com\/web\/wp-content\/uploads\/2018\/09\/AEPcover2017-212x300.jpg 212w\" sizes=\"auto, (max-width: 223px) 100vw, 223px\" \/><\/a>\n\t\t\t<\/dt>\n\t\t\t\t<dd class='wp-caption-text gallery-caption' id='gallery-1-2165'>\n\t\t\t\tZeitschrift AEP, Ausgabe &#8222;Feminismus und Sexualit\u00e4t&#8220; 2017.\n\t\t\t\t<\/dd><\/dl><dl class='gallery-item'>\n\t\t\t<dt class='gallery-icon portrait'>\n\t\t\t\t<a href='http:\/\/www.wortflechte.com\/web\/frauenbuchcovereins-2\/'><img loading=\"lazy\" decoding=\"async\" width=\"196\" height=\"280\" src=\"http:\/\/www.wortflechte.com\/web\/wp-content\/uploads\/2018\/09\/frauenbuchcovereins-1.jpg\" class=\"attachment-full size-full\" alt=\"\" aria-describedby=\"gallery-1-2169\" \/><\/a>\n\t\t\t<\/dt>\n\t\t\t\t<dd class='wp-caption-text gallery-caption' id='gallery-1-2169'>\n\t\t\t\tHg.in Helga Pregesbauer, Buch zum Frauentag 2015\n\t\t\t\t<\/dd><\/dl><br style=\"clear: both\" \/><dl class='gallery-item'>\n\t\t\t<dt class='gallery-icon portrait'>\n\t\t\t\t<a href='http:\/\/www.wortflechte.com\/web\/frauenbuchcoverdrei\/'><img loading=\"lazy\" decoding=\"async\" width=\"216\" height=\"315\" src=\"http:\/\/www.wortflechte.com\/web\/wp-content\/uploads\/2018\/09\/Frauenbuchcoverdrei.jpg\" class=\"attachment-full size-full\" alt=\"\" aria-describedby=\"gallery-1-2168\" srcset=\"http:\/\/www.wortflechte.com\/web\/wp-content\/uploads\/2018\/09\/Frauenbuchcoverdrei.jpg 216w, http:\/\/www.wortflechte.com\/web\/wp-content\/uploads\/2018\/09\/Frauenbuchcoverdrei-206x300.jpg 206w\" sizes=\"auto, (max-width: 216px) 100vw, 216px\" \/><\/a>\n\t\t\t<\/dt>\n\t\t\t\t<dd class='wp-caption-text gallery-caption' id='gallery-1-2168'>\n\t\t\t\tHg.in Helga Pregesbauer, Buch zum Frauentag 2016\n\t\t\t\t<\/dd><\/dl><dl class='gallery-item'>\n\t\t\t<dt class='gallery-icon portrait'>\n\t\t\t\t<a href='http:\/\/www.wortflechte.com\/web\/frauenbuchcoverzwei\/'><img loading=\"lazy\" decoding=\"async\" width=\"211\" height=\"315\" src=\"http:\/\/www.wortflechte.com\/web\/wp-content\/uploads\/2018\/09\/frauenbuchcoverzwei.jpg\" class=\"attachment-full size-full\" alt=\"\" aria-describedby=\"gallery-1-2167\" srcset=\"http:\/\/www.wortflechte.com\/web\/wp-content\/uploads\/2018\/09\/frauenbuchcoverzwei.jpg 211w, http:\/\/www.wortflechte.com\/web\/wp-content\/uploads\/2018\/09\/frauenbuchcoverzwei-201x300.jpg 201w\" sizes=\"auto, (max-width: 211px) 100vw, 211px\" \/><\/a>\n\t\t\t<\/dt>\n\t\t\t\t<dd class='wp-caption-text gallery-caption' id='gallery-1-2167'>\n\t\t\t\tHg.in Helga Pregesbauer, Buch zum Frauentag 2017\n\t\t\t\t<\/dd><\/dl>\n\t\t\t<br style='clear: both' \/>\n\t\t<\/div>\n\n<pre><\/pre>\n\n\n<div class=\"wp-block-image\"><figure class=\"alignleft size-medium\"><a href=\"http:\/\/www.wortflechte.com\/web\/wp-content\/uploads\/2021\/05\/image.png\"><img loading=\"lazy\" decoding=\"async\" width=\"212\" height=\"300\" src=\"http:\/\/www.wortflechte.com\/web\/wp-content\/uploads\/2021\/05\/image-212x300.png\" alt=\"\" class=\"wp-image-2589\" srcset=\"http:\/\/www.wortflechte.com\/web\/wp-content\/uploads\/2021\/05\/image-212x300.png 212w, http:\/\/www.wortflechte.com\/web\/wp-content\/uploads\/2021\/05\/image-723x1024.png 723w, http:\/\/www.wortflechte.com\/web\/wp-content\/uploads\/2021\/05\/image-768x1088.png 768w, http:\/\/www.wortflechte.com\/web\/wp-content\/uploads\/2021\/05\/image-1085x1536.png 1085w, http:\/\/www.wortflechte.com\/web\/wp-content\/uploads\/2021\/05\/image-1446x2048.png 1446w, http:\/\/www.wortflechte.com\/web\/wp-content\/uploads\/2021\/05\/image-999x1415.png 999w, http:\/\/www.wortflechte.com\/web\/wp-content\/uploads\/2021\/05\/image.png 1668w\" sizes=\"auto, (max-width: 212px) 100vw, 212px\" \/><\/a><\/figure><\/div>\n\n\n\n<p>Corona &#8211; Eine Anthologie.<\/p>\n\n\n\n<p><\/p>\n\n\n\n<p><\/p>\n\n\n\n<p><\/p>\n\n\n\n<p><\/p>\n\n\n\n<p><\/p>\n\n\n\n<p><\/p>\n\n\n\n<h2 class=\"wp-block-heading\" id=\"publikationen\"><strong>Publikationen<\/strong><\/h2>\n\n\n\n<p><\/p>\n\n\n\n<h3 class=\"wp-block-heading\" id=\"demnachst\">Demn\u00e4chst<\/h3>\n\n\n\n<p><\/p>\n\n\n\n<p>Sprache der Gewalt. Wenn Worte Taten verharmlosen. (Urania im Dialog 1), Hg. VHS Wiener Urania (2022).<\/p>\n\n\n\n<h3 class=\"wp-block-heading\" id=\"zuletzt\">Zuletzt<\/h3>\n\n\n\n<p>Hg. Helga Pregesbauer, Eleonore Weber, Corona &#8211; eine Anthologie (2021). <\/p>\n\n\n\n<p><\/p>\n\n\n\n<p>&#8222;Wer macht Rape Culture?&#8220;, Artikel zu Rape Culture in: Frauen.Wissen.Wien. Nr.11. (2021), 67 &#8211; 85. Hg. MA 57. Mit weiteren Beitr\u00e4gen von Katharina Beclin, Anieszka Jaworska, Alexander Haydn &amp; Christian Scambor sowie Sara Hassan.<\/p>\n\n\n\n<p>hier zum kostenlosen Download: <a href=\"https:\/\/www.wien.gv.at\/menschen\/frauen\/stichwort\/kunst-kultur\/frauen-wissen\/\"> file:\/\/\/C:\/Users\/HELGA\/AppData\/Local\/Temp\/AC16394796.pd<\/a><\/p>\n\n\n\n<p><\/p>\n\n\n\n<h3 class=\"wp-block-heading\" id=\"wissenschaft\"><strong>Wissenschaft<\/strong><\/h3>\n\n\n\n<p>Irreale Sexualit\u00e4ten. Zur Geschichte von Sexualit\u00e4t, K\u00f6rper und Gender in der europ\u00e4ischen Hexenverfolgung. L\u00f6cker Verlag (Wien 2009).<\/p>\n\n\n\n<h3 class=\"wp-block-heading\" id=\"herausgeberschaft\"><strong>Herausgeberschaft<\/strong><\/h3>\n\n\n\n<p><\/p>\n\n\n\n<p>Hg. Helga Pregesbauer, Frauentagsbuch Drei. Lesungstexte 2017 (Wien 2018). Edition fabrik.transit.<\/p>\n\n\n\n<p>Hg. Helga Pregesbauer, Feminismus und Sexualit\u00e4t, aep informationen. Feministische Zeitschrift f\u00fcr Politik und Gesellschaft, 2017\/1.<\/p>\n\n\n\n<p>Hg. Helga Pregesbauer, Isabella Breier, \u201eWir sind Frauen. Wir sind viele. Wir haben die Schnauze voll.\u201c Gesammelte Texte anl\u00e4sslich der gleichnamigen Lesung zum internationalen Frauentag 2015 (Wien 2016). Edition fabrik.transit.<\/p>\n\n\n\n<h3 class=\"wp-block-heading\" id=\"beitrage-literatur\">Beitr\u00e4ge Literatur<\/h3>\n\n\n\n<p><em>Hg. Literatur- und Kunstverein fabrik.transit, Frauentagsbuch Zwei. Lesungstexte 2017 (Wien 2018). Edition fabrik.transit.<\/em><\/p>\n\n\n\n<p><em>Making HERstory. The Importance of Deprogramming Rape Culture.<\/em> \u00dcbersetzung von Paul Poet. Im Booklet zu: My talk with Florence. A film about abuse, resistance and survival (Wien 2015), Paul Poet.<\/p>\n\n\n\n<p>von <em>her<\/em>zen, in: Frauentagsbuch Drei (Wien 2018), 82 &#8211; 83.<\/p>\n\n\n\n<p>von den Helden, in: Frauentagsbuch Eins, (Wien 2015), 20 &#8211; 21.<\/p>\n\n\n\n<p>(ohne Titel), in: Ein Alphabet der Visuellen Poesie, Hg. G\u00fcnter Vallaster, edition ch (Wien 2010), 38.<\/p>\n\n\n\n<p>chrrrchrrffp, in: Gl\u00fcck und Schwein, Edition Das fr\u00f6hliche Wohnzimmer (Wien 2011), 88.<\/p>\n\n\n\n<p>Para-Listik, in: Paragramme. Ein Sammelband, Hg. G\u00fcnter Vallaster, edition ch (Wien 2011), 106 &#8211; 109.<\/p>\n\n\n\n<p>erinnern: innen, in: Zu(Gabe), Hg. Fritz Widhalm, Edition Das fr\u00f6hliche Wohnzimmer (Wien 2013), 46 &#8211; 47.<\/p>\n\n\n\n<p>Gspiast as?, in: 50 Gedichte zum Leben. Edition Das fr\u00f6hliche Wohnzimmer (Wien 2014), 54.<\/p>\n\n\n\n<p>Frauenzimmer 2.0.14, in: bewegte sprache \/ language in Motion, Hg. G\u00fcnter Vallaster, edition ch, (Wien 2015), 49.<\/p>\n\n\n\n<p>dream, Eros, in: Augustin. Die Erste \u00d6sterreichische Boulevardzeitung, Nr. 194, Januar 2007, 39 &#8211; 41.<\/p>\n\n\n\n<h3 class=\"wp-block-heading\" id=\"fachartikel-journalismus\">Fachartikel &amp; Journalismus<\/h3>\n\n\n\n<p>Eine keine Wahl haben. Von Sexarbeiter*innen, vom Recht zu w\u00e4hlen und \u00fcber Denkverbote, in: Warum feiern \u2013 Beitr\u00e4ge zu 100 Jahren Frauenwahlrecht (Wien 2018). Hg. Petra Johanna Sturm, Eva Sch\u00f6rkhuber, Elena Messner, 125 &#8211; 137.<\/p>\n\n\n\n<p>Drachinnenz\u00e4hmung, in: aep informationen. Feministische Zeitschrift f\u00fcr Politik und Gesellschaft, 1\/2017, 4 &#8211; 7.<\/p>\n\n\n\n<p>Rape Culture. Vergewaltigung mit System. in: in: aep informationen. Feministische Zeitschrift f\u00fcr Politik und Gesellschaft, 1\/2017, 41 &#8211; 45.<\/p>\n\n\n\n<p>Am Pranger, in: Anschl\u00e4ge, I\/2016, 29.<\/p>\n\n\n\n<p>Bundeshymne in sechs Strophen, in: Frauentagsbuch Zwei, (Wien 2016), 7 &#8211; 10.<\/p>\n\n\n\n<p>Poppy Harlow hat ein Problem, und das ist gut so, In: Der Standard, 25.11.2013.<\/p>\n\n\n\n<p>Die sch\u00f6nsten Frauen von Wien. \u00dcber das Recht auf Anwesenheit, in: Unique 03\/2015, 21.<\/p>\n\n\n\n<p>Gew\u00e4sserschutz statt Wahlrecht, in: Anschl\u00e4ge III\/2015, 32 &#8211; 33.<\/p>\n\n\n\n<p>Irreale Sexualit\u00e4ten. Neue Sichtweisen auf den Hexerei-Diskurs der Neuzeit. In: Anschl\u00e4ge II\/2011, 26 &#8211; 27.<\/p>\n","protected":false},"excerpt":{"rendered":"<p>Corona &#8211; Eine Anthologie. Publikationen Demn\u00e4chst Sprache der Gewalt. Wenn Worte Taten verharmlosen. (Urania im Dialog 1), Hg. VHS Wiener Urania (2022). Zuletzt Hg. Helga Pregesbauer, Eleonore Weber, Corona &#8211; eine Anthologie (2021). &#8222;Wer macht Rape Culture?&#8220;, Artikel zu Rape Culture in: Frauen.Wissen.Wien. Nr.11. (2021), 67 &#8211; 85. Hg. MA 57. Mit weiteren Beitr\u00e4gen von [&hellip;]<\/p>\n","protected":false},"author":3,"featured_media":2154,"parent":0,"menu_order":3,"comment_status":"closed","ping_status":"closed","template":"template-fullwidth.php","meta":{"footnotes":""},"class_list":["post-872","page","type-page","status-publish","has-post-thumbnail","hentry"],"_links":{"self":[{"href":"http:\/\/www.wortflechte.com\/web\/wp-json\/wp\/v2\/pages\/872","targetHints":{"allow":["GET"]}}],"collection":[{"href":"http:\/\/www.wortflechte.com\/web\/wp-json\/wp\/v2\/pages"}],"about":[{"href":"http:\/\/www.wortflechte.com\/web\/wp-json\/wp\/v2\/types\/page"}],"author":[{"embeddable":true,"href":"http:\/\/www.wortflechte.com\/web\/wp-json\/wp\/v2\/users\/3"}],"replies":[{"embeddable":true,"href":"http:\/\/www.wortflechte.com\/web\/wp-json\/wp\/v2\/comments?post=872"}],"version-history":[{"count":36,"href":"http:\/\/www.wortflechte.com\/web\/wp-json\/wp\/v2\/pages\/872\/revisions"}],"predecessor-version":[{"id":2657,"href":"http:\/\/www.wortflechte.com\/web\/wp-json\/wp\/v2\/pages\/872\/revisions\/2657"}],"wp:featuredmedia":[{"embeddable":true,"href":"http:\/\/www.wortflechte.com\/web\/wp-json\/wp\/v2\/media\/2154"}],"wp:attachment":[{"href":"http:\/\/www.wortflechte.com\/web\/wp-json\/wp\/v2\/media?parent=872"}],"curies":[{"name":"wp","href":"https:\/\/api.w.org\/{rel}","templated":true}]}}